{"id":3,"date":"2024-02-27T18:21:04","date_gmt":"2024-02-27T17:21:04","guid":{"rendered":"https:\/\/joaillerie-crans.ch\/\/?page_id=3"},"modified":"2024-03-02T17:07:42","modified_gmt":"2024-03-02T16:07:42","slug":"mentions-legales","status":"publish","type":"page","link":"https:\/\/joaillerie-crans.ch\/fr\/mentions-legales\/","title":{"rendered":"Mentions l\u00e9gales"},"content":{"rendered":"<section class=\"content\">\r\n\t<div class=\"content-centered\">\r\n\t\t<h1>Mentions l\u00e9gales<\/h1>\n<p>Ce site Internet utilise des cookies. Les cookies sont de petits fichiers textes qui sont enregistr\u00e9s sur votre ordinateur, lors de la visite du site, de fa\u00e7on temporaire ou durable. Le but des cookies est en particulier d\u2019analyser l\u2019utilisation du site, en vue d\u2019une exploitation statistique, ainsi que d\u2019am\u00e9liorations continues. Les cookies peuvent \u00eatre \u00e0 tout moment d\u00e9sactiv\u00e9s dans les param\u00e8tres de votre navigateur web, partiellement ou en totalit\u00e9. En d\u00e9sactivant les cookies, certaines fonctionnalit\u00e9s de ce site peuvent \u00e9ventuellement ne plus \u00eatre disponibles.<\/p>\n\t<\/div>\r\n<\/section>","protected":false},"excerpt":{"rendered":"","protected":false},"author":1,"featured_media":0,"parent":0,"menu_order":34,"comment_status":"closed","ping_status":"closed","template":"","meta":{"_acf_changed":false,"footnotes":""},"class_list":["post-3","page","type-page","status-publish","hentry"],"acf":[],"_links":{"self":[{"href":"https:\/\/joaillerie-crans.ch\/fr\/wp-json\/wp\/v2\/pages\/3","targetHints":{"allow":["GET"]}}],"collection":[{"href":"https:\/\/joaillerie-crans.ch\/fr\/wp-json\/wp\/v2\/pages"}],"about":[{"href":"https:\/\/joaillerie-crans.ch\/fr\/wp-json\/wp\/v2\/types\/page"}],"author":[{"embeddable":true,"href":"https:\/\/joaillerie-crans.ch\/fr\/wp-json\/wp\/v2\/users\/1"}],"replies":[{"embeddable":true,"href":"https:\/\/joaillerie-crans.ch\/fr\/wp-json\/wp\/v2\/comments?post=3"}],"version-history":[{"count":2,"href":"https:\/\/joaillerie-crans.ch\/fr\/wp-json\/wp\/v2\/pages\/3\/revisions"}],"predecessor-version":[{"id":207,"href":"https:\/\/joaillerie-crans.ch\/fr\/wp-json\/wp\/v2\/pages\/3\/revisions\/207"}],"wp:attachment":[{"href":"https:\/\/joaillerie-crans.ch\/fr\/wp-json\/wp\/v2\/media?parent=3"}],"curies":[{"name":"wp","href":"https:\/\/api.w.org\/{rel}","templated":true}]}}