{"id":229,"date":"2024-03-02T17:45:48","date_gmt":"2024-03-02T16:45:48","guid":{"rendered":"https:\/\/joaillerie-crans.ch\/\/?page_id=229"},"modified":"2024-03-02T17:58:12","modified_gmt":"2024-03-02T16:58:12","slug":"bijoux-custom","status":"publish","type":"page","link":"https:\/\/joaillerie-crans.ch\/fr\/bijoux\/bijoux-custom\/","title":{"rendered":"Bijoux &#8211; Custom"},"content":{"rendered":"<section class=\"header-image\">\r\n\t\t\t<div><img decoding=\"async\" src=\"https:\/\/joaillerie-crans.ch\/wp-content\/uploads\/2024\/03\/custom_schmuck_header_1366x512_3.jpg\" alt=\"\" \/><\/div>\r\n\t<\/section>\n\n<section class=\"content\">\r\n\t<div class=\"content-logo\">\r\n\t\t<p>\r\n\t\t\t<img decoding=\"async\" alt=\"\" src=\"https:\/\/joaillerie-crans.ch\/wp-content\/uploads\/2024\/03\/logo-jdc-custom.svg\" \/>\r\n\t\t<\/p>\r\n\t<\/div>\r\n<\/section>\n\n<section class=\"content\">\r\n\t<div class=\"content-centered content-wide\">\r\n\t\t<p>C&rsquo;est avec fiert\u00e9 et passion que la Joaillerie de Crans g\u00e8re son propre atelier. Du classique au moderne, il y en a pour tous les go\u00fbts. Une grande vari\u00e9t\u00e9 de collections et de cr\u00e9ations personnelles n&rsquo;attendent que d\u2019\u00eatre d\u00e9couvertes. Ou alors, souhaitez-vous un bijou unique personnalis\u00e9 ?<\/p>\n\t<\/div>\r\n<\/section>\n\n<section class=\"products\">\r\n\t<div class=\"products-wrap\">\r\n\t\t\t\t\t\t\t\t\t<div class=\"product\">\r\n\t\t\t\t\t<div class=\"product-image\">\r\n\t\t\t\t\t\t\t\t\t\t\t\t\t<img decoding=\"async\" width=\"1080\" height=\"1080\" src=\"https:\/\/joaillerie-crans.ch\/wp-content\/uploads\/2024\/03\/1_hera_ring.jpg\" class=\"attachment-full size-full wp-post-image\" alt=\"\" \/>\t\t\t\t\t\t\t\t\t\t\t<\/div>\r\n\t\t\t\t\t<div class=\"product-name\">Hera<\/div>\r\n\t\t\t\t\t<div class=\"product-description\">Manuel Vaccari \u2013&nbsp;Ofir<\/div>\r\n\t\t\t\t<\/div>\r\n\t\t\t\t\t\t\t<div class=\"product\">\r\n\t\t\t\t\t<div class=\"product-image\">\r\n\t\t\t\t\t\t\t\t\t\t\t\t\t<img decoding=\"async\" width=\"1080\" height=\"1080\" src=\"https:\/\/joaillerie-crans.ch\/wp-content\/uploads\/2024\/03\/2_chun_ring.jpg\" class=\"attachment-full size-full wp-post-image\" alt=\"\" \/>\t\t\t\t\t\t\t\t\t\t\t<\/div>\r\n\t\t\t\t\t<div class=\"product-name\">Chun<\/div>\r\n\t\t\t\t\t<div class=\"product-description\">Manuel Vaccari \u2013&nbsp;Ofir<\/div>\r\n\t\t\t\t<\/div>\r\n\t\t\t\t\t\t\t<div class=\"product\">\r\n\t\t\t\t\t<div class=\"product-image\">\r\n\t\t\t\t\t\t\t\t\t\t\t\t\t<img decoding=\"async\" width=\"1080\" height=\"1080\" src=\"https:\/\/joaillerie-crans.ch\/wp-content\/uploads\/2024\/03\/3_romaeterna_pendant_II.jpg\" class=\"attachment-full size-full wp-post-image\" alt=\"\" \/>\t\t\t\t\t\t\t\t\t\t\t<\/div>\r\n\t\t\t\t\t<div class=\"product-name\">Romaeterna Pendant&nbsp;II<\/div>\r\n\t\t\t\t\t<div class=\"product-description\">Manuel Vaccari \u2013&nbsp;Ofir<\/div>\r\n\t\t\t\t<\/div>\r\n\t\t\t\t\t\t\t<div class=\"product\">\r\n\t\t\t\t\t<div class=\"product-image\">\r\n\t\t\t\t\t\t\t\t\t\t\t\t\t<img decoding=\"async\" width=\"1080\" height=\"1080\" src=\"https:\/\/joaillerie-crans.ch\/wp-content\/uploads\/2024\/03\/4_circleofdays_earrings.jpg\" class=\"attachment-full size-full wp-post-image\" alt=\"\" \/>\t\t\t\t\t\t\t\t\t\t\t<\/div>\r\n\t\t\t\t\t<div class=\"product-name\">Circle of&nbsp;Days<\/div>\r\n\t\t\t\t\t<div class=\"product-description\">Manuel Vaccari \u2013&nbsp;Ofir<\/div>\r\n\t\t\t\t<\/div>\r\n\t\t\t\t\t\t\t<div class=\"product\">\r\n\t\t\t\t\t<div class=\"product-image\">\r\n\t\t\t\t\t\t\t\t\t\t\t\t\t<img decoding=\"async\" width=\"1600\" height=\"1600\" src=\"https:\/\/joaillerie-crans.ch\/wp-content\/uploads\/2024\/03\/5_newitalianart_collier-scaled.jpg\" class=\"attachment-full size-full wp-post-image\" alt=\"\" \/>\t\t\t\t\t\t\t\t\t\t\t<\/div>\r\n\t\t\t\t\t<div class=\"product-name\">Collier rivi\u00e8re de&nbsp;diamants<\/div>\r\n\t\t\t\t\t<div class=\"product-description\">New Italian&nbsp;Art<\/div>\r\n\t\t\t\t<\/div>\r\n\t\t\t\t\t\t\t<div class=\"product\">\r\n\t\t\t\t\t<div class=\"product-image\">\r\n\t\t\t\t\t\t\t\t\t\t\t\t\t<img decoding=\"async\" width=\"1600\" height=\"1600\" src=\"https:\/\/joaillerie-crans.ch\/wp-content\/uploads\/2024\/03\/6_newitalianart_armband-scaled.jpg\" class=\"attachment-full size-full wp-post-image\" alt=\"\" \/>\t\t\t\t\t\t\t\t\t\t\t<\/div>\r\n\t\t\t\t\t<div class=\"product-name\">Bracelet rivi\u00e8re de&nbsp;diamants<\/div>\r\n\t\t\t\t\t<div class=\"product-description\">New Italian&nbsp;Art<\/div>\r\n\t\t\t\t<\/div>\r\n\t\t\t\t\t\t\t\t\t<\/div>\r\n<\/section>","protected":false},"excerpt":{"rendered":"","protected":false},"author":1,"featured_media":0,"parent":20,"menu_order":24,"comment_status":"closed","ping_status":"closed","template":"","meta":{"_acf_changed":false,"footnotes":""},"class_list":["post-229","page","type-page","status-publish","hentry"],"acf":[],"_links":{"self":[{"href":"https:\/\/joaillerie-crans.ch\/fr\/wp-json\/wp\/v2\/pages\/229","targetHints":{"allow":["GET"]}}],"collection":[{"href":"https:\/\/joaillerie-crans.ch\/fr\/wp-json\/wp\/v2\/pages"}],"about":[{"href":"https:\/\/joaillerie-crans.ch\/fr\/wp-json\/wp\/v2\/types\/page"}],"author":[{"embeddable":true,"href":"https:\/\/joaillerie-crans.ch\/fr\/wp-json\/wp\/v2\/users\/1"}],"replies":[{"embeddable":true,"href":"https:\/\/joaillerie-crans.ch\/fr\/wp-json\/wp\/v2\/comments?post=229"}],"version-history":[{"count":2,"href":"https:\/\/joaillerie-crans.ch\/fr\/wp-json\/wp\/v2\/pages\/229\/revisions"}],"predecessor-version":[{"id":483,"href":"https:\/\/joaillerie-crans.ch\/fr\/wp-json\/wp\/v2\/pages\/229\/revisions\/483"}],"up":[{"embeddable":true,"href":"https:\/\/joaillerie-crans.ch\/fr\/wp-json\/wp\/v2\/pages\/20"}],"wp:attachment":[{"href":"https:\/\/joaillerie-crans.ch\/fr\/wp-json\/wp\/v2\/media?parent=229"}],"curies":[{"name":"wp","href":"https:\/\/api.w.org\/{rel}","templated":true}]}}