{"id":22,"date":"2024-02-27T20:42:27","date_gmt":"2024-02-27T19:42:27","guid":{"rendered":"https:\/\/joaillerie-crans.ch\/\/?page_id=22"},"modified":"2024-03-01T20:40:12","modified_gmt":"2024-03-01T19:40:12","slug":"services","status":"publish","type":"page","link":"https:\/\/joaillerie-crans.ch\/fr\/services\/","title":{"rendered":"Services"},"content":{"rendered":"<section class=\"header-image\">\r\n\t\t\t<div><img decoding=\"async\" src=\"https:\/\/joaillerie-crans.ch\/wp-content\/uploads\/2024\/03\/services_header.jpg\" alt=\"\" \/><\/div>\r\n\t<\/section>\n\n<section class=\"content\">\r\n\t<div class=\"content-centered\">\r\n\t\t<h1>Services<\/h1>\n<p>La Joaillerie de Crans est \u00e0 votre disposition avec une offre compl\u00e8te. Du conseil, de la cr\u00e9ation individuelle de bijoux, de l&rsquo;adaptation, du service de montres, \u00e0 l&rsquo;estimation des prix, nous sommes votre interlocuteur comp\u00e9tent sur place.<\/p>\n\t<\/div>\r\n<\/section>","protected":false},"excerpt":{"rendered":"","protected":false},"author":1,"featured_media":0,"parent":0,"menu_order":29,"comment_status":"closed","ping_status":"closed","template":"","meta":{"_acf_changed":false,"footnotes":""},"class_list":["post-22","page","type-page","status-publish","hentry"],"acf":[],"_links":{"self":[{"href":"https:\/\/joaillerie-crans.ch\/fr\/wp-json\/wp\/v2\/pages\/22","targetHints":{"allow":["GET"]}}],"collection":[{"href":"https:\/\/joaillerie-crans.ch\/fr\/wp-json\/wp\/v2\/pages"}],"about":[{"href":"https:\/\/joaillerie-crans.ch\/fr\/wp-json\/wp\/v2\/types\/page"}],"author":[{"embeddable":true,"href":"https:\/\/joaillerie-crans.ch\/fr\/wp-json\/wp\/v2\/users\/1"}],"replies":[{"embeddable":true,"href":"https:\/\/joaillerie-crans.ch\/fr\/wp-json\/wp\/v2\/comments?post=22"}],"version-history":[{"count":2,"href":"https:\/\/joaillerie-crans.ch\/fr\/wp-json\/wp\/v2\/pages\/22\/revisions"}],"predecessor-version":[{"id":143,"href":"https:\/\/joaillerie-crans.ch\/fr\/wp-json\/wp\/v2\/pages\/22\/revisions\/143"}],"wp:attachment":[{"href":"https:\/\/joaillerie-crans.ch\/fr\/wp-json\/wp\/v2\/media?parent=22"}],"curies":[{"name":"wp","href":"https:\/\/api.w.org\/{rel}","templated":true}]}}