{"id":213,"date":"2024-03-02T17:23:33","date_gmt":"2024-03-02T16:23:33","guid":{"rendered":"https:\/\/joaillerie-crans.ch\/\/?page_id=213"},"modified":"2024-03-02T17:59:19","modified_gmt":"2024-03-02T16:59:19","slug":"montres-baume-mercier","status":"publish","type":"page","link":"https:\/\/joaillerie-crans.ch\/fr\/montres\/montres-baume-mercier\/","title":{"rendered":"Montres &#8211; Baume &amp; Mercier"},"content":{"rendered":"<section class=\"header-image\">\r\n\t\t\t<div><img decoding=\"async\" src=\"https:\/\/joaillerie-crans.ch\/wp-content\/uploads\/2024\/03\/baumemercier_header_1366x512.jpg\" alt=\"\" \/><\/div>\r\n\t<\/section>\n\n<section class=\"content\">\r\n\t<div class=\"content-logo\">\r\n\t\t<p>\r\n\t\t\t<img decoding=\"async\" alt=\"\" src=\"https:\/\/joaillerie-crans.ch\/wp-content\/uploads\/2024\/03\/logo-baume-mercier.svg\" \/>\r\n\t\t<\/p>\r\n\t<\/div>\r\n<\/section>\n\n<section class=\"content\">\r\n\t<div class=\"content-centered content-wide\">\r\n\t\t<p>Depuis la cr\u00e9ation de la Joaillerie de Crans en 1962, nous proposons des montres Baume &amp; Mercier. Chaque montre Baume &amp; Mercier est n\u00e9e de la passion des ma\u00eetres horlogers et de leur volont\u00e9 de cr\u00e9er des produits innovants. Cela se traduit par des milliers d&rsquo;esquisses, des centaines d&rsquo;heures de construction de mod\u00e8les et des ann\u00e9es de d\u00e9veloppement.<\/p>\n\t<\/div>\r\n<\/section>\n\n<section class=\"products\">\r\n\t<div class=\"products-wrap\">\r\n\t\t\t\t\t\t\t\t\t<div class=\"product\">\r\n\t\t\t\t\t<div class=\"product-image\">\r\n\t\t\t\t\t\t\t\t\t\t\t\t\t<img decoding=\"async\" width=\"1080\" height=\"1080\" src=\"https:\/\/joaillerie-crans.ch\/wp-content\/uploads\/2024\/03\/riviera_10681.jpg\" class=\"attachment-full size-full wp-post-image\" alt=\"\" \/>\t\t\t\t\t\t\t\t\t\t\t<\/div>\r\n\t\t\t\t\t<div class=\"product-name\">Riviera 10681<\/div>\r\n\t\t\t\t\t<div class=\"product-description\">43mm \/ Automatique, date et phase de&nbsp;lune<\/div>\r\n\t\t\t\t<\/div>\r\n\t\t\t\t\t\t\t<div class=\"product\">\r\n\t\t\t\t\t<div class=\"product-image\">\r\n\t\t\t\t\t\t\t\t\t\t\t\t\t<img decoding=\"async\" width=\"1080\" height=\"1080\" src=\"https:\/\/joaillerie-crans.ch\/wp-content\/uploads\/2024\/03\/clifton_10467.jpg\" class=\"attachment-full size-full wp-post-image\" alt=\"\" \/>\t\t\t\t\t\t\t\t\t\t\t<\/div>\r\n\t\t\t\t\t<div class=\"product-name\">Clifton 10467<\/div>\r\n\t\t\t\t\t<div class=\"product-description\">Automatique avec certificat&nbsp;COSC<\/div>\r\n\t\t\t\t<\/div>\r\n\t\t\t\t\t\t\t<div class=\"product\">\r\n\t\t\t\t\t<div class=\"product-image\">\r\n\t\t\t\t\t\t\t\t\t\t\t\t\t<img decoding=\"async\" width=\"1080\" height=\"1080\" src=\"https:\/\/joaillerie-crans.ch\/wp-content\/uploads\/2024\/03\/clifton_10660.jpg\" class=\"attachment-full size-full wp-post-image\" alt=\"\" \/>\t\t\t\t\t\t\t\t\t\t\t<\/div>\r\n\t\t\t\t\t<div class=\"product-name\">Clifton 10660<\/div>\r\n\t\t\t\t\t<div class=\"product-description\">42mm \/ Automatique, acier et&nbsp;titane<\/div>\r\n\t\t\t\t<\/div>\r\n\t\t\t\t\t\t\t<div class=\"product\">\r\n\t\t\t\t\t<div class=\"product-image\">\r\n\t\t\t\t\t\t\t\t\t\t\t\t\t<img decoding=\"async\" width=\"1080\" height=\"1080\" src=\"https:\/\/joaillerie-crans.ch\/wp-content\/uploads\/2024\/03\/hampton_10472.jpg\" class=\"attachment-full size-full wp-post-image\" alt=\"\" \/>\t\t\t\t\t\t\t\t\t\t\t<\/div>\r\n\t\t\t\t\t<div class=\"product-name\">Hampton 10472<\/div>\r\n\t\t\t\t\t<div class=\"product-description\">Rectangulaire,&nbsp;quartz<\/div>\r\n\t\t\t\t<\/div>\r\n\t\t\t\t\t\t\t<div class=\"product\">\r\n\t\t\t\t\t<div class=\"product-image\">\r\n\t\t\t\t\t\t\t\t\t\t\t\t\t<img decoding=\"async\" width=\"1080\" height=\"1080\" src=\"https:\/\/joaillerie-crans.ch\/wp-content\/uploads\/2024\/03\/riviera_10616.jpg\" class=\"attachment-full size-full wp-post-image\" alt=\"\" \/>\t\t\t\t\t\t\t\t\t\t\t<\/div>\r\n\t\t\t\t\t<div class=\"product-name\">Riviera 10616<\/div>\r\n\t\t\t\t\t<div class=\"product-description\">42mm \/ Automatique, date,&nbsp;acier<\/div>\r\n\t\t\t\t<\/div>\r\n\t\t\t\t\t\t\t<div class=\"product\">\r\n\t\t\t\t\t<div class=\"product-image\">\r\n\t\t\t\t\t\t\t\t\t\t\t\t\t<img decoding=\"async\" width=\"1080\" height=\"1080\" src=\"https:\/\/joaillerie-crans.ch\/wp-content\/uploads\/2024\/03\/classima_10633.jpg\" class=\"attachment-full size-full wp-post-image\" alt=\"\" \/>\t\t\t\t\t\t\t\t\t\t\t<\/div>\r\n\t\t\t\t\t<div class=\"product-name\">Classima 10633<\/div>\r\n\t\t\t\t\t<div class=\"product-description\">Automatique, cadran nacre diamants, phase de&nbsp;lune<\/div>\r\n\t\t\t\t<\/div>\r\n\t\t\t\t\t\t\t\t\t<\/div>\r\n<\/section>","protected":false},"excerpt":{"rendered":"","protected":false},"author":1,"featured_media":0,"parent":18,"menu_order":5,"comment_status":"closed","ping_status":"closed","template":"","meta":{"_acf_changed":false,"footnotes":""},"class_list":["post-213","page","type-page","status-publish","hentry"],"acf":[],"_links":{"self":[{"href":"https:\/\/joaillerie-crans.ch\/fr\/wp-json\/wp\/v2\/pages\/213","targetHints":{"allow":["GET"]}}],"collection":[{"href":"https:\/\/joaillerie-crans.ch\/fr\/wp-json\/wp\/v2\/pages"}],"about":[{"href":"https:\/\/joaillerie-crans.ch\/fr\/wp-json\/wp\/v2\/types\/page"}],"author":[{"embeddable":true,"href":"https:\/\/joaillerie-crans.ch\/fr\/wp-json\/wp\/v2\/users\/1"}],"replies":[{"embeddable":true,"href":"https:\/\/joaillerie-crans.ch\/fr\/wp-json\/wp\/v2\/comments?post=213"}],"version-history":[{"count":2,"href":"https:\/\/joaillerie-crans.ch\/fr\/wp-json\/wp\/v2\/pages\/213\/revisions"}],"predecessor-version":[{"id":240,"href":"https:\/\/joaillerie-crans.ch\/fr\/wp-json\/wp\/v2\/pages\/213\/revisions\/240"}],"up":[{"embeddable":true,"href":"https:\/\/joaillerie-crans.ch\/fr\/wp-json\/wp\/v2\/pages\/18"}],"wp:attachment":[{"href":"https:\/\/joaillerie-crans.ch\/fr\/wp-json\/wp\/v2\/media?parent=213"}],"curies":[{"name":"wp","href":"https:\/\/api.w.org\/{rel}","templated":true}]}}