{"id":20,"date":"2024-02-27T20:42:09","date_gmt":"2024-02-27T19:42:09","guid":{"rendered":"https:\/\/joaillerie-crans.ch\/\/?page_id=20"},"modified":"2024-03-02T20:28:23","modified_gmt":"2024-03-02T19:28:23","slug":"bijoux","status":"publish","type":"page","link":"https:\/\/joaillerie-crans.ch\/fr\/bijoux\/","title":{"rendered":"Bijoux"},"content":{"rendered":"<section class=\"header-image\">\r\n\t\t\t<div class=\"slider\">\r\n\t\t\t\t\t\t\t<div><img decoding=\"async\" src=\"https:\/\/joaillerie-crans.ch\/wp-content\/uploads\/2024\/03\/chopard_schmuck_header_1366x512_3.jpg\" alt=\"\" \/><\/div>\r\n\t\t\t\t\t\t\t<div><img decoding=\"async\" src=\"https:\/\/joaillerie-crans.ch\/wp-content\/uploads\/2024\/03\/custom_schmuck_header_1366x512_3.jpg\" alt=\"\" \/><\/div>\r\n\t\t\t\t\t<\/div>\r\n\t<\/section>\n\n<section class=\"content\">\r\n\t<div class=\"content-centered\">\r\n\t\t<h1>Une joaillerie qui fascine<\/h1>\n<p>La haute \u00e9cole de la joaillerie est chez elle \u00e0 la Joaillerie de Crans. Laissez-vous fasciner par les cr\u00e9ations luxueuses de la maison Chopard et les collections de bijoux de grandes marques internationales et de notre propre atelier.<\/p>\n\t<\/div>\r\n<\/section>\n\n<section class=\"brand-button\">\r\n\t<div class=\"brand-bg\">\r\n\t\t<div class=\"brand-wrap\">\r\n\t\t\t<a class=\"chopard\" href=\"https:\/\/joaillerie-crans.ch\/\/fr\/bijoux\/bijoux-chopard\/\">\r\n\t\t\t\t<img decoding=\"async\" alt=\"\" src=\"https:\/\/joaillerie-crans.ch\/wp-content\/uploads\/2024\/03\/logo-chopard.svg\" \/>\r\n\t\t\t<\/a>\r\n\t\t<\/div>\r\n\t<\/div>\r\n<\/section>\n\n<section class=\"content\">\r\n\t<div class=\"content-centered\">\r\n\t\t<p>L&rsquo;audace et la cr\u00e9ativit\u00e9 sont les piliers des collections de la maison Chopard. Nous vous invitons \u00e0 d\u00e9couvrir nos bijoux uniques fabriqu\u00e9s \u00e0 la main en or \u00e9thique ainsi que toutes nos collections iconiques Chopard : les bijoux des s\u00e9ries Happy Hearts, Happy Diamonds, Ice Cube, IMPERIALE, l&rsquo;Heure du Diamant et Chopardissimo.<\/p>\n\t<\/div>\r\n<\/section>\n\n<section class=\"brand-button\">\r\n\t<div class=\"brand-bg\">\r\n\t\t<div class=\"brand-wrap\">\r\n\t\t\t<a class=\"custom\" href=\"https:\/\/joaillerie-crans.ch\/\/fr\/bijoux\/bijoux-custom\/\">\r\n\t\t\t\t<img decoding=\"async\" alt=\"\" src=\"https:\/\/joaillerie-crans.ch\/wp-content\/uploads\/2024\/03\/logo-jdc-custom.svg\" \/>\r\n\t\t\t<\/a>\r\n\t\t<\/div>\r\n\t<\/div>\r\n<\/section>\n\n<section class=\"content\">\r\n\t<div class=\"content-centered\">\r\n\t\t<p>C&rsquo;est avec fiert\u00e9 et passion que la Joaillerie de Crans g\u00e8re son propre atelier. Du classique au moderne, il y en a pour tous les go\u00fbts. Une grande vari\u00e9t\u00e9 de collections et de cr\u00e9ations personnelles n&rsquo;attendent que d\u2019\u00eatre d\u00e9couvertes. Ou alors, souhaitez-vous un bijou unique\u00a0personnalis\u00e9\u00a0?<\/p>\n\t<\/div>\r\n<\/section>\n\n<section class=\"brand-button\">\r\n\t<h4>NOS AUTRES&nbsp;MARQUES<\/h4>\t<div class=\"brand-bg\"><div class=\"brand-wrap\"><div class=\"c_and_c\"><img decoding=\"async\" alt=\"\" src=\"https:\/\/joaillerie-crans.ch\/wp-content\/uploads\/2024\/03\/logo-c-and-c.svg\" \/><\/div><\/div><\/div><div class=\"brand-bg\"><div class=\"brand-wrap\"><div class=\"wassner\"><img decoding=\"async\" alt=\"\" src=\"https:\/\/joaillerie-crans.ch\/wp-content\/uploads\/2024\/03\/logo-wassner.svg\" \/><\/div><\/div><\/div><\/section>","protected":false},"excerpt":{"rendered":"","protected":false},"author":1,"featured_media":0,"parent":0,"menu_order":6,"comment_status":"closed","ping_status":"closed","template":"","meta":{"_acf_changed":false,"footnotes":""},"class_list":["post-20","page","type-page","status-publish","hentry"],"acf":[],"_links":{"self":[{"href":"https:\/\/joaillerie-crans.ch\/fr\/wp-json\/wp\/v2\/pages\/20","targetHints":{"allow":["GET"]}}],"collection":[{"href":"https:\/\/joaillerie-crans.ch\/fr\/wp-json\/wp\/v2\/pages"}],"about":[{"href":"https:\/\/joaillerie-crans.ch\/fr\/wp-json\/wp\/v2\/types\/page"}],"author":[{"embeddable":true,"href":"https:\/\/joaillerie-crans.ch\/fr\/wp-json\/wp\/v2\/users\/1"}],"replies":[{"embeddable":true,"href":"https:\/\/joaillerie-crans.ch\/fr\/wp-json\/wp\/v2\/comments?post=20"}],"version-history":[{"count":2,"href":"https:\/\/joaillerie-crans.ch\/fr\/wp-json\/wp\/v2\/pages\/20\/revisions"}],"predecessor-version":[{"id":407,"href":"https:\/\/joaillerie-crans.ch\/fr\/wp-json\/wp\/v2\/pages\/20\/revisions\/407"}],"wp:attachment":[{"href":"https:\/\/joaillerie-crans.ch\/fr\/wp-json\/wp\/v2\/media?parent=20"}],"curies":[{"name":"wp","href":"https:\/\/api.w.org\/{rel}","templated":true}]}}