{"id":2,"date":"2024-02-27T18:21:04","date_gmt":"2024-02-27T17:21:04","guid":{"rendered":"https:\/\/joaillerie-crans.ch\/\/?page_id=2"},"modified":"2024-03-01T21:00:22","modified_gmt":"2024-03-01T20:00:22","slug":"home","status":"publish","type":"page","link":"https:\/\/joaillerie-crans.ch\/fr\/","title":{"rendered":"Page d&rsquo;accueil"},"content":{"rendered":"<section class=\"header-image\">\r\n\t\t\t<div><img decoding=\"async\" src=\"https:\/\/joaillerie-crans.ch\/wp-content\/uploads\/2024\/02\/joailleriedecrans_boutique_outside-scaled.jpg\" alt=\"\" \/><\/div>\r\n\t<\/section>\n\n<section class=\"brands\">\r\n\t<h4>Nos&nbsp;Marques<\/h4>\t<div class=\"brands-wrap\">\r\n\t\t<div class=\"brand-logos\">\r\n\t\t\t<div><img decoding=\"async\" class=\"chopard\" alt=\"\" src=\"https:\/\/joaillerie-crans.ch\/wp-content\/uploads\/2024\/03\/logo-chopard.svg\" \/><\/div><div><img decoding=\"async\" class=\"breitling\" alt=\"\" src=\"https:\/\/joaillerie-crans.ch\/wp-content\/uploads\/2024\/03\/logo-breitling.svg\" \/><\/div><div><img decoding=\"async\" class=\"baume-mercier\" alt=\"\" src=\"https:\/\/joaillerie-crans.ch\/wp-content\/uploads\/2024\/03\/logo-baume-mercier.svg\" \/><\/div>\t\t<\/div>\r\n\t<\/div>\r\n<\/section>\n\n<section class=\"content\">\r\n\t<div class=\"content-centered\">\r\n\t\t<h1>Bienvenue \u00e0 la Joaillerie de\u00a0Crans<\/h1>\n<h3>L&rsquo;art de la joaillerie depuis 1962<\/h3>\n<p>Tradition horlog\u00e8re suisse, bijoux pr\u00e9cieux de grandes marques internationales et bijoux personnalis\u00e9s de notre propre manufacture : entrez dans le monde de la Joaillerie de Crans. Depuis 1962, nous sommes la premi\u00e8re adresse pour la joaillerie passionn\u00e9e et repr\u00e9sentons les marques Baume &amp; Mercier, Chopard et Breitling. Faites de vos r\u00eaves de bijoux une r\u00e9alit\u00e9. Nous nous r\u00e9jouissons de vous accueillir.<\/p>\n\t<\/div>\r\n<\/section>","protected":false},"excerpt":{"rendered":"","protected":false},"author":1,"featured_media":0,"parent":0,"menu_order":0,"comment_status":"closed","ping_status":"closed","template":"","meta":{"_acf_changed":false,"footnotes":""},"class_list":["post-2","page","type-page","status-publish","hentry"],"acf":[],"_links":{"self":[{"href":"https:\/\/joaillerie-crans.ch\/fr\/wp-json\/wp\/v2\/pages\/2","targetHints":{"allow":["GET"]}}],"collection":[{"href":"https:\/\/joaillerie-crans.ch\/fr\/wp-json\/wp\/v2\/pages"}],"about":[{"href":"https:\/\/joaillerie-crans.ch\/fr\/wp-json\/wp\/v2\/types\/page"}],"author":[{"embeddable":true,"href":"https:\/\/joaillerie-crans.ch\/fr\/wp-json\/wp\/v2\/users\/1"}],"replies":[{"embeddable":true,"href":"https:\/\/joaillerie-crans.ch\/fr\/wp-json\/wp\/v2\/comments?post=2"}],"version-history":[{"count":2,"href":"https:\/\/joaillerie-crans.ch\/fr\/wp-json\/wp\/v2\/pages\/2\/revisions"}],"predecessor-version":[{"id":118,"href":"https:\/\/joaillerie-crans.ch\/fr\/wp-json\/wp\/v2\/pages\/2\/revisions\/118"}],"wp:attachment":[{"href":"https:\/\/joaillerie-crans.ch\/fr\/wp-json\/wp\/v2\/media?parent=2"}],"curies":[{"name":"wp","href":"https:\/\/api.w.org\/{rel}","templated":true}]}}