{"id":196,"date":"2024-03-02T16:43:21","date_gmt":"2024-03-02T15:43:21","guid":{"rendered":"https:\/\/joaillerie-crans.ch\/\/?page_id=196"},"modified":"2024-06-27T13:15:29","modified_gmt":"2024-06-27T11:15:29","slug":"montres-chopard","status":"publish","type":"page","link":"https:\/\/joaillerie-crans.ch\/fr\/montres\/montres-chopard\/","title":{"rendered":"Montres &#8211; Chopard"},"content":{"rendered":"<section class=\"header-image\">\r\n\t\t\t<div><img decoding=\"async\" src=\"https:\/\/joaillerie-crans.ch\/wp-content\/uploads\/2024\/03\/chopard_uhren_header_1366x512.jpg\" alt=\"\" \/><\/div>\r\n\t<\/section>\n\n<section class=\"content\">\r\n\t<div class=\"content-logo\">\r\n\t\t<p>\r\n\t\t\t<img decoding=\"async\" alt=\"\" src=\"https:\/\/joaillerie-crans.ch\/wp-content\/uploads\/2024\/03\/logo-chopard.svg\" \/>\r\n\t\t<\/p>\r\n\t<\/div>\r\n<\/section>\n\n<section class=\"content\">\r\n\t<div class=\"content-centered content-wide\">\r\n\t\t<p>Les \u00e9l\u00e9gantes cr\u00e9ations horlog\u00e8res de Chopard brillent \u00e0 la Joaillerie de Crans depuis 1988. Des montres suisses exceptionnelles, fabriqu\u00e9es \u00e0 la main. D\u00e9couvrez notre s\u00e9lection exclusive de montres suisses de luxe pour dames et messieurs. D\u00e9couvrez aussi nos montres suisses pour dames et messieurs des collections Alpine Eagle, Happy Sport, Happy Diamonds, L.U.C, L&rsquo;Heure du Diamant, Mille Miglia et IMPERIALE.<\/p>\n\t<\/div>\r\n<\/section>\n\n<section class=\"products\">\r\n\t<div class=\"products-wrap\">\r\n\t\t\t\t\t\t\t\t\t<div class=\"product\">\r\n\t\t\t\t\t<div class=\"product-image\">\r\n\t\t\t\t\t\t\t\t\t\t\t\t\t<img decoding=\"async\" width=\"1080\" height=\"1080\" src=\"https:\/\/joaillerie-crans.ch\/wp-content\/uploads\/2024\/02\/chopard_alpineeagle.jpg\" class=\"attachment-full size-full wp-post-image\" alt=\"\" \/>\t\t\t\t\t\t\t\t\t\t\t<\/div>\r\n\t\t\t\t\t<div class=\"product-name\">Alpine&nbsp;Eagle<\/div>\r\n\t\t\t\t\t<div class=\"product-description\">41 mm \/ Automatique, acier cadran&nbsp;bleu<\/div>\r\n\t\t\t\t<\/div>\r\n\t\t\t\t\t\t\t<div class=\"product\">\r\n\t\t\t\t\t<div class=\"product-image\">\r\n\t\t\t\t\t\t\t\t\t\t\t\t\t<img decoding=\"async\" width=\"1080\" height=\"1080\" src=\"https:\/\/joaillerie-crans.ch\/wp-content\/uploads\/2024\/03\/chopard_happydiamonds.jpg\" class=\"attachment-full size-full wp-post-image\" alt=\"\" \/>\t\t\t\t\t\t\t\t\t\t\t<\/div>\r\n\t\t\t\t\t<div class=\"product-name\">Happy&nbsp;Diamonds<\/div>\r\n\t\t\t\t\t<div class=\"product-description\">Or rose sertie diamants,&nbsp;quartz<\/div>\r\n\t\t\t\t<\/div>\r\n\t\t\t\t\t\t\t<div class=\"product\">\r\n\t\t\t\t\t<div class=\"product-image\">\r\n\t\t\t\t\t\t\t\t\t\t\t\t\t<img decoding=\"async\" width=\"1080\" height=\"1080\" src=\"https:\/\/joaillerie-crans.ch\/wp-content\/uploads\/2024\/03\/chopard_millemiglia.jpg\" class=\"attachment-full size-full wp-post-image\" alt=\"\" \/>\t\t\t\t\t\t\t\t\t\t\t<\/div>\r\n\t\t\t\t\t<div class=\"product-name\">Mille&nbsp;Miglia<\/div>\r\n\t\t\t\t\t<div class=\"product-description\">40.5 mm \/ Chronographe. Cadran&nbsp;noir<\/div>\r\n\t\t\t\t<\/div>\r\n\t\t\t\t\t\t\t<div class=\"product\">\r\n\t\t\t\t\t<div class=\"product-image\">\r\n\t\t\t\t\t\t\t\t\t\t\t\t\t<img decoding=\"async\" width=\"1080\" height=\"1080\" src=\"https:\/\/joaillerie-crans.ch\/wp-content\/uploads\/2024\/03\/chopard_happyheart.jpg\" class=\"attachment-full size-full wp-post-image\" alt=\"\" \/>\t\t\t\t\t\t\t\t\t\t\t<\/div>\r\n\t\t\t\t\t<div class=\"product-name\">Happy&nbsp;Hearts<\/div>\r\n\t\t\t\t\t<div class=\"product-description\">36mm \/ Avec c\u0153ur nacre, c\u0153ur diamants&nbsp;<\/div>\r\n\t\t\t\t<\/div>\r\n\t\t\t\t\t\t\t<div class=\"product\">\r\n\t\t\t\t\t<div class=\"product-image\">\r\n\t\t\t\t\t\t\t\t\t\t\t\t\t<img decoding=\"async\" width=\"1080\" height=\"1080\" src=\"https:\/\/joaillerie-crans.ch\/wp-content\/uploads\/2024\/03\/chopard_icecube.jpg\" class=\"attachment-full size-full wp-post-image\" alt=\"\" \/>\t\t\t\t\t\t\t\t\t\t\t<\/div>\r\n\t\t\t\t\t<div class=\"product-name\">Ice&nbsp;Cube<\/div>\r\n\t\t\t\t\t<div class=\"product-description\">Or gris, Ice Cube, quartz, lunette&nbsp;diamants<\/div>\r\n\t\t\t\t<\/div>\r\n\t\t\t\t\t\t\t<div class=\"product\">\r\n\t\t\t\t\t<div class=\"product-image\">\r\n\t\t\t\t\t\t\t\t\t\t\t\t\t<img decoding=\"async\" width=\"1080\" height=\"1080\" src=\"https:\/\/joaillerie-crans.ch\/wp-content\/uploads\/2024\/03\/chopard_happysport.jpg\" class=\"attachment-full size-full wp-post-image\" alt=\"\" \/>\t\t\t\t\t\t\t\t\t\t\t<\/div>\r\n\t\t\t\t\t<div class=\"product-name\">Happy&nbsp;Sport<\/div>\r\n\t\t\t\t\t<div class=\"product-description\">Automatique or rose, lunette sertie et cadran 7&nbsp;diamants<\/div>\r\n\t\t\t\t<\/div>\r\n\t\t\t\t\t\t\t\t\t<\/div>\r\n<\/section>\n\n<section class=\"big-button\">\r\n\t<div class=\"big-button-wrap\">\r\n\t\t<a class=\"big-button-button\" href=\"https:\/\/joaillerie-crans.ch\/fr\/montres\/montres-chopard\/montres-chopard-plus\/\">\r\n\t\t\tPlus de&nbsp;Chopard\t\t<\/a>\r\n\t<\/div>\r\n<\/section>","protected":false},"excerpt":{"rendered":"","protected":false},"author":1,"featured_media":0,"parent":18,"menu_order":2,"comment_status":"closed","ping_status":"closed","template":"","meta":{"_acf_changed":false,"footnotes":""},"class_list":["post-196","page","type-page","status-publish","hentry"],"acf":[],"_links":{"self":[{"href":"https:\/\/joaillerie-crans.ch\/fr\/wp-json\/wp\/v2\/pages\/196","targetHints":{"allow":["GET"]}}],"collection":[{"href":"https:\/\/joaillerie-crans.ch\/fr\/wp-json\/wp\/v2\/pages"}],"about":[{"href":"https:\/\/joaillerie-crans.ch\/fr\/wp-json\/wp\/v2\/types\/page"}],"author":[{"embeddable":true,"href":"https:\/\/joaillerie-crans.ch\/fr\/wp-json\/wp\/v2\/users\/1"}],"replies":[{"embeddable":true,"href":"https:\/\/joaillerie-crans.ch\/fr\/wp-json\/wp\/v2\/comments?post=196"}],"version-history":[{"count":2,"href":"https:\/\/joaillerie-crans.ch\/fr\/wp-json\/wp\/v2\/pages\/196\/revisions"}],"predecessor-version":[{"id":461,"href":"https:\/\/joaillerie-crans.ch\/fr\/wp-json\/wp\/v2\/pages\/196\/revisions\/461"}],"up":[{"embeddable":true,"href":"https:\/\/joaillerie-crans.ch\/fr\/wp-json\/wp\/v2\/pages\/18"}],"wp:attachment":[{"href":"https:\/\/joaillerie-crans.ch\/fr\/wp-json\/wp\/v2\/media?parent=196"}],"curies":[{"name":"wp","href":"https:\/\/api.w.org\/{rel}","templated":true}]}}