{"id":18,"date":"2024-02-27T20:41:56","date_gmt":"2024-02-27T19:41:56","guid":{"rendered":"https:\/\/joaillerie-crans.ch\/\/?page_id=18"},"modified":"2024-03-02T20:13:16","modified_gmt":"2024-03-02T19:13:16","slug":"montres","status":"publish","type":"page","link":"https:\/\/joaillerie-crans.ch\/fr\/montres\/","title":{"rendered":"Montres"},"content":{"rendered":"<section class=\"header-image\">\r\n\t\t\t<div class=\"slider\">\r\n\t\t\t\t\t\t\t<div><img decoding=\"async\" src=\"https:\/\/joaillerie-crans.ch\/wp-content\/uploads\/2024\/03\/chopard_uhren_header_1366x512.jpg\" alt=\"\" \/><\/div>\r\n\t\t\t\t\t\t\t<div><img decoding=\"async\" src=\"https:\/\/joaillerie-crans.ch\/wp-content\/uploads\/2024\/03\/baumemercier_header_1366x512.jpg\" alt=\"\" \/><\/div>\r\n\t\t\t\t\t\t\t<div><img decoding=\"async\" src=\"https:\/\/joaillerie-crans.ch\/wp-content\/uploads\/2024\/03\/breitling_header_1366x512.jpg\" alt=\"\" \/><\/div>\r\n\t\t\t\t\t<\/div>\r\n\t<\/section>\n\n<section class=\"content\">\r\n\t<div class=\"content-centered\">\r\n\t\t<h1>La plus fine tradition horlog\u00e8re Suisse \u00e0 Crans<\/h1>\n<p>La Joaillerie de Crans est le fier partenaire des grandes marques suisses Baume &amp; Mercier, Breitling et Chopard. R\u00e9jouissez-vous de notre conseil professionnel et comp\u00e9tent et de notre grande disponibilit\u00e9.<\/p>\n\t<\/div>\r\n<\/section>\n\n<section class=\"brand-button\">\r\n\t<div class=\"brand-bg\">\r\n\t\t<div class=\"brand-wrap\">\r\n\t\t\t<a class=\"chopard\" href=\"https:\/\/joaillerie-crans.ch\/\/fr\/montres\/montres-chopard\/\">\r\n\t\t\t\t<img decoding=\"async\" alt=\"\" src=\"https:\/\/joaillerie-crans.ch\/wp-content\/uploads\/2024\/03\/logo-chopard.svg\" \/>\r\n\t\t\t<\/a>\r\n\t\t<\/div>\r\n\t<\/div>\r\n<\/section>\n\n<section class=\"content\">\r\n\t<div class=\"content-centered\">\r\n\t\t<p>Les \u00e9l\u00e9gantes cr\u00e9ations horlog\u00e8res de Chopard brillent \u00e0 la Joaillerie de Crans depuis 1988. Des montres suisses exceptionnelles, fabriqu\u00e9es \u00e0 la main. D\u00e9couvrez notre s\u00e9lection exclusive de montres suisses de luxe pour dames et messieurs. D\u00e9couvrez aussi nos montres suisses pour dames et messieurs des collections Alpine Eagle, Happy Sport, Happy Diamonds, L.U.C, L&rsquo;Heure du Diamant, Mille Miglia et IMPERIALE.<\/p>\n\t<\/div>\r\n<\/section>\n\n<section class=\"brand-button\">\r\n\t<div class=\"brand-bg\">\r\n\t\t<div class=\"brand-wrap\">\r\n\t\t\t<a class=\"breitling\" href=\"https:\/\/joaillerie-crans.ch\/\/fr\/montres\/montres-breitling\/\">\r\n\t\t\t\t<img decoding=\"async\" alt=\"\" src=\"https:\/\/joaillerie-crans.ch\/wp-content\/uploads\/2024\/03\/logo-breitling.svg\" \/>\r\n\t\t\t<\/a>\r\n\t\t<\/div>\r\n\t<\/div>\r\n<\/section>\n\n<section class=\"content\">\r\n\t<div class=\"content-centered\">\r\n\t\t<p>En 2020, la Joaillerie de Crans a enrichi son offre avec les tr\u00e8s convoit\u00e9es montres de pr\u00e9cision Breitling. La collection Breitling rec\u00e8le certainement quelques-unes des montres les plus appr\u00e9ci\u00e9es au monde,notamment les mod\u00e8les l\u00e9gendaires Chronomat, Navitimer et Superocean. Mais il y a encore bien d&rsquo;autres choses \u00e0 explorer. D\u00e9couvrez l&rsquo;ensemble de notre collection et trouvez quelle Breitling s&rsquo;adapte parfaitement \u00e0 votre poignet, tant au niveau visuel que tactile.<\/p>\n\t<\/div>\r\n<\/section>\n\n<section class=\"brand-button\">\r\n\t<div class=\"brand-bg\">\r\n\t\t<div class=\"brand-wrap\">\r\n\t\t\t<a class=\"baume-mercier\" href=\"https:\/\/joaillerie-crans.ch\/\/fr\/montres\/montres-baume-mercier\/\">\r\n\t\t\t\t<img decoding=\"async\" alt=\"\" src=\"https:\/\/joaillerie-crans.ch\/wp-content\/uploads\/2024\/03\/logo-baume-mercier.svg\" \/>\r\n\t\t\t<\/a>\r\n\t\t<\/div>\r\n\t<\/div>\r\n<\/section>\n\n<section class=\"content\">\r\n\t<div class=\"content-centered\">\r\n\t\t<p>Depuis la cr\u00e9ation de la Joaillerie de Crans en 1962, nous proposons des montres Baume &amp; Mercier. Chaque montre Baume &amp; Mercier est n\u00e9e de la passion des ma\u00eetres horlogers et de leur volont\u00e9 de cr\u00e9er des produits innovants. Cela se traduit par des milliers d&rsquo;esquisses, des centaines d&rsquo;heures de construction de mod\u00e8les et des ann\u00e9es de d\u00e9veloppement.<\/p>\n\t<\/div>\r\n<\/section>","protected":false},"excerpt":{"rendered":"","protected":false},"author":1,"featured_media":0,"parent":0,"menu_order":1,"comment_status":"closed","ping_status":"closed","template":"","meta":{"_acf_changed":false,"footnotes":""},"class_list":["post-18","page","type-page","status-publish","hentry"],"acf":[],"_links":{"self":[{"href":"https:\/\/joaillerie-crans.ch\/fr\/wp-json\/wp\/v2\/pages\/18","targetHints":{"allow":["GET"]}}],"collection":[{"href":"https:\/\/joaillerie-crans.ch\/fr\/wp-json\/wp\/v2\/pages"}],"about":[{"href":"https:\/\/joaillerie-crans.ch\/fr\/wp-json\/wp\/v2\/types\/page"}],"author":[{"embeddable":true,"href":"https:\/\/joaillerie-crans.ch\/fr\/wp-json\/wp\/v2\/users\/1"}],"replies":[{"embeddable":true,"href":"https:\/\/joaillerie-crans.ch\/fr\/wp-json\/wp\/v2\/comments?post=18"}],"version-history":[{"count":2,"href":"https:\/\/joaillerie-crans.ch\/fr\/wp-json\/wp\/v2\/pages\/18\/revisions"}],"predecessor-version":[{"id":393,"href":"https:\/\/joaillerie-crans.ch\/fr\/wp-json\/wp\/v2\/pages\/18\/revisions\/393"}],"wp:attachment":[{"href":"https:\/\/joaillerie-crans.ch\/fr\/wp-json\/wp\/v2\/media?parent=18"}],"curies":[{"name":"wp","href":"https:\/\/api.w.org\/{rel}","templated":true}]}}