{"id":426,"date":"2024-03-02T17:22:08","date_gmt":"2024-03-02T16:22:08","guid":{"rendered":"https:\/\/joaillerie-crans.ch\/\/?page_id=426"},"modified":"2024-03-02T20:42:10","modified_gmt":"2024-03-02T19:42:10","slug":"uhren-breitling","status":"publish","type":"page","link":"https:\/\/joaillerie-crans.ch\/de\/uhren\/uhren-breitling\/","title":{"rendered":"Uhren &#8211; Breitling"},"content":{"rendered":"<section class=\"header-image\">\r\n\t\t\t<div><img decoding=\"async\" src=\"https:\/\/joaillerie-crans.ch\/wp-content\/uploads\/2024\/03\/breitling_header_1366x512.jpg\" alt=\"\" \/><\/div>\r\n\t<\/section>\n\n<section class=\"content\">\r\n\t<div class=\"content-logo\">\r\n\t\t<p>\r\n\t\t\t<img decoding=\"async\" alt=\"\" src=\"https:\/\/joaillerie-crans.ch\/wp-content\/uploads\/2024\/03\/logo-breitling.svg\" \/>\r\n\t\t<\/p>\r\n\t<\/div>\r\n<\/section>\n\n<section class=\"content\">\r\n\t<div class=\"content-centered content-wide\">\r\n\t\t<p>Die Joaillerie de Crans bereicherte ihr Portfolio 2020 mit den begehrten Pr\u00e4zisionsuhren von Breitling. Die Breitling Kollektion birgt sicherlich einige der weltweit meistgesch\u00e4tzten Uhren, u. a. die legend\u00e4ren Modelle Chronomat, Navitimer und Superocean. Doch es gibt noch so viel mehr zu erfahren. Lernen Sie unsere gesamte Kollektion kennen und finden Sie heraus, welche Breitling optisch und haptisch perfekt an Ihr Handgelenk\u00a0passt.<\/p>\n\t<\/div>\r\n<\/section>\n\n<section class=\"products\">\r\n\t<div class=\"products-wrap\">\r\n\t\t\t\t\t\t\t\t\t<div class=\"product\">\r\n\t\t\t\t\t<div class=\"product-image\">\r\n\t\t\t\t\t\t\t\t\t\t\t\t\t<img decoding=\"async\" width=\"1080\" height=\"1080\" src=\"https:\/\/joaillerie-crans.ch\/wp-content\/uploads\/2024\/03\/breitling_endurance-pro-soldier.jpg\" class=\"attachment-full size-full wp-post-image\" alt=\"\" \/>\t\t\t\t\t\t\t\t\t\t\t<\/div>\r\n\t\t\t\t\t<div class=\"product-name\">Endurance&nbsp;Pro<\/div>\r\n\t\t\t\t\t<div class=\"product-description\">Chronographe, alliage&nbsp;Breitlight<\/div>\r\n\t\t\t\t<\/div>\r\n\t\t\t\t\t\t\t<div class=\"product\">\r\n\t\t\t\t\t<div class=\"product-image\">\r\n\t\t\t\t\t\t\t\t\t\t\t\t\t<img decoding=\"async\" width=\"1080\" height=\"1080\" src=\"https:\/\/joaillerie-crans.ch\/wp-content\/uploads\/2024\/03\/breitling_chronomat-automatic-gmt-40-soldier.jpg\" class=\"attachment-full size-full wp-post-image\" alt=\"\" \/>\t\t\t\t\t\t\t\t\t\t\t<\/div>\r\n\t\t\t\t\t<div class=\"product-name\">Chronomat<\/div>\r\n\t\t\t\t\t<div class=\"product-description\">40 mm \/ Chronometer, GMT, Stahl&nbsp;<\/div>\r\n\t\t\t\t<\/div>\r\n\t\t\t\t\t\t\t<div class=\"product\">\r\n\t\t\t\t\t<div class=\"product-image\">\r\n\t\t\t\t\t\t\t\t\t\t\t\t\t<img decoding=\"async\" width=\"1080\" height=\"1080\" src=\"https:\/\/joaillerie-crans.ch\/wp-content\/uploads\/2024\/03\/breitling_navitimer-b01-chronograph-43-soldier.jpg\" class=\"attachment-full size-full wp-post-image\" alt=\"\" \/>\t\t\t\t\t\t\t\t\t\t\t<\/div>\r\n\t\t\t\t\t<div class=\"product-name\">Navitimer<\/div>\r\n\t\t\t\t\t<div class=\"product-description\">41 mm \/ Chonometer Stahl mit schwarzem Zifferblatt&nbsp;<\/div>\r\n\t\t\t\t<\/div>\r\n\t\t\t\t\t\t\t<div class=\"product\">\r\n\t\t\t\t\t<div class=\"product-image\">\r\n\t\t\t\t\t\t\t\t\t\t\t\t\t<img decoding=\"async\" width=\"1080\" height=\"1080\" src=\"https:\/\/joaillerie-crans.ch\/wp-content\/uploads\/2024\/03\/breitling_premier-b15-duograph-42-soldier.jpg\" class=\"attachment-full size-full wp-post-image\" alt=\"\" \/>\t\t\t\t\t\t\t\t\t\t\t<\/div>\r\n\t\t\t\t\t<div class=\"product-name\">Premier<\/div>\r\n\t\t\t\t\t<div class=\"product-description\">Erste 42mm \/ Stahl, Schleppzeiger-Chrono,&nbsp;Handaufzug<\/div>\r\n\t\t\t\t<\/div>\r\n\t\t\t\t\t\t\t<div class=\"product\">\r\n\t\t\t\t\t<div class=\"product-image\">\r\n\t\t\t\t\t\t\t\t\t\t\t\t\t<img decoding=\"async\" width=\"1080\" height=\"1080\" src=\"https:\/\/joaillerie-crans.ch\/wp-content\/uploads\/2024\/03\/breitling_super-avi-b04-chronograph-gmt-46-curtiss-warhawk-soldier.jpg\" class=\"attachment-full size-full wp-post-image\" alt=\"\" \/>\t\t\t\t\t\t\t\t\t\t\t<\/div>\r\n\t\t\t\t\t<div class=\"product-name\">Super&nbsp;Avi<\/div>\r\n\t\t\t\t\t<div class=\"product-description\">46 mm \/ Chronographe acier, Curtiss Warhawk,&nbsp;kaki<\/div>\r\n\t\t\t\t<\/div>\r\n\t\t\t\t\t\t\t<div class=\"product\">\r\n\t\t\t\t\t<div class=\"product-image\">\r\n\t\t\t\t\t\t\t\t\t\t\t\t\t<img decoding=\"async\" width=\"1080\" height=\"1080\" src=\"https:\/\/joaillerie-crans.ch\/wp-content\/uploads\/2024\/03\/breitling_superocean-automatic-42-soldier.jpg\" class=\"attachment-full size-full wp-post-image\" alt=\"\" \/>\t\t\t\t\t\t\t\t\t\t\t<\/div>\r\n\t\t\t\t\t<div class=\"product-name\">Superocean<\/div>\r\n\t\t\t\t\t<div class=\"product-description\">46 mm \/ Stahl schwarzes und weisses Zifferblatt Graduierte&nbsp;L\u00fcnette<\/div>\r\n\t\t\t\t<\/div>\r\n\t\t\t\t\t\t\t\t\t<\/div>\r\n<\/section>","protected":false},"excerpt":{"rendered":"","protected":false},"author":1,"featured_media":0,"parent":390,"menu_order":3,"comment_status":"closed","ping_status":"closed","template":"","meta":{"_acf_changed":false,"footnotes":""},"class_list":["post-426","page","type-page","status-publish","hentry"],"acf":[],"_links":{"self":[{"href":"https:\/\/joaillerie-crans.ch\/de\/wp-json\/wp\/v2\/pages\/426","targetHints":{"allow":["GET"]}}],"collection":[{"href":"https:\/\/joaillerie-crans.ch\/de\/wp-json\/wp\/v2\/pages"}],"about":[{"href":"https:\/\/joaillerie-crans.ch\/de\/wp-json\/wp\/v2\/types\/page"}],"author":[{"embeddable":true,"href":"https:\/\/joaillerie-crans.ch\/de\/wp-json\/wp\/v2\/users\/1"}],"replies":[{"embeddable":true,"href":"https:\/\/joaillerie-crans.ch\/de\/wp-json\/wp\/v2\/comments?post=426"}],"version-history":[{"count":1,"href":"https:\/\/joaillerie-crans.ch\/de\/wp-json\/wp\/v2\/pages\/426\/revisions"}],"predecessor-version":[{"id":431,"href":"https:\/\/joaillerie-crans.ch\/de\/wp-json\/wp\/v2\/pages\/426\/revisions\/431"}],"up":[{"embeddable":true,"href":"https:\/\/joaillerie-crans.ch\/de\/wp-json\/wp\/v2\/pages\/390"}],"wp:attachment":[{"href":"https:\/\/joaillerie-crans.ch\/de\/wp-json\/wp\/v2\/media?parent=426"}],"curies":[{"name":"wp","href":"https:\/\/api.w.org\/{rel}","templated":true}]}}