{"id":424,"date":"2024-03-02T16:43:21","date_gmt":"2024-03-02T15:43:21","guid":{"rendered":"https:\/\/joaillerie-crans.ch\/\/?page_id=424"},"modified":"2024-06-27T13:32:55","modified_gmt":"2024-06-27T11:32:55","slug":"uhren-chopard","status":"publish","type":"page","link":"https:\/\/joaillerie-crans.ch\/de\/uhren\/uhren-chopard\/","title":{"rendered":"Uhren &#8211; Chopard"},"content":{"rendered":"<section class=\"header-image\">\r\n\t\t\t<div><img decoding=\"async\" src=\"https:\/\/joaillerie-crans.ch\/wp-content\/uploads\/2024\/03\/chopard_uhren_header_1366x512.jpg\" alt=\"\" \/><\/div>\r\n\t<\/section>\n\n<section class=\"content\">\r\n\t<div class=\"content-logo\">\r\n\t\t<p>\r\n\t\t\t<img decoding=\"async\" alt=\"\" src=\"https:\/\/joaillerie-crans.ch\/wp-content\/uploads\/2024\/03\/logo-chopard.svg\" \/>\r\n\t\t<\/p>\r\n\t<\/div>\r\n<\/section>\n\n<section class=\"content\">\r\n\t<div class=\"content-centered content-wide\">\r\n\t\t<p>Die eleganten Uhrenkreationen von Chopard gl\u00e4nzen in der Joaillerie de Crans seit 1988.<br \/>\nAu\u00dfergew\u00f6hnliche, von Hand gefertigte Schweizer Uhren. Lernen Sie die exklusive Auswahl Schweizer Luxusuhren f\u00fcr Damen und Herren kennen. Entdecken Sie unsere Schweizer Uhren f\u00fcr Damen und Herren der Kollektionn Alpine Eagle, Happy Sport, Happy Diamonds, L.U.C, L\u2019Heure du Diamant, Mille Miglia und IMPERIALE.<\/p>\n\t<\/div>\r\n<\/section>\n\n<section class=\"products\">\r\n\t<div class=\"products-wrap\">\r\n\t\t\t\t\t\t\t\t\t<div class=\"product\">\r\n\t\t\t\t\t<div class=\"product-image\">\r\n\t\t\t\t\t\t\t\t\t\t\t\t\t<img decoding=\"async\" width=\"1080\" height=\"1080\" src=\"https:\/\/joaillerie-crans.ch\/wp-content\/uploads\/2024\/02\/chopard_alpineeagle.jpg\" class=\"attachment-full size-full wp-post-image\" alt=\"\" \/>\t\t\t\t\t\t\t\t\t\t\t<\/div>\r\n\t\t\t\t\t<div class=\"product-name\">Alpine&nbsp;Eagle<\/div>\r\n\t\t\t\t\t<div class=\"product-description\">41 mm \/ Automatik. Stahl blaues&nbsp;Zifferblatt<\/div>\r\n\t\t\t\t<\/div>\r\n\t\t\t\t\t\t\t<div class=\"product\">\r\n\t\t\t\t\t<div class=\"product-image\">\r\n\t\t\t\t\t\t\t\t\t\t\t\t\t<img decoding=\"async\" width=\"1080\" height=\"1080\" src=\"https:\/\/joaillerie-crans.ch\/wp-content\/uploads\/2024\/03\/chopard_happydiamonds.jpg\" class=\"attachment-full size-full wp-post-image\" alt=\"\" \/>\t\t\t\t\t\t\t\t\t\t\t<\/div>\r\n\t\t\t\t\t<div class=\"product-name\">Happy&nbsp;Diamonds<\/div>\r\n\t\t\t\t\t<div class=\"product-description\">Rotgold mit Diamanten,&nbsp;Quarz<\/div>\r\n\t\t\t\t<\/div>\r\n\t\t\t\t\t\t\t<div class=\"product\">\r\n\t\t\t\t\t<div class=\"product-image\">\r\n\t\t\t\t\t\t\t\t\t\t\t\t\t<img decoding=\"async\" width=\"1080\" height=\"1080\" src=\"https:\/\/joaillerie-crans.ch\/wp-content\/uploads\/2024\/03\/chopard_millemiglia.jpg\" class=\"attachment-full size-full wp-post-image\" alt=\"\" \/>\t\t\t\t\t\t\t\t\t\t\t<\/div>\r\n\t\t\t\t\t<div class=\"product-name\">Mille&nbsp;Miglia<\/div>\r\n\t\t\t\t\t<div class=\"product-description\">Chronograph 40.5 mm. Schwarzes&nbsp;Zifferblatt<\/div>\r\n\t\t\t\t<\/div>\r\n\t\t\t\t\t\t\t<div class=\"product\">\r\n\t\t\t\t\t<div class=\"product-image\">\r\n\t\t\t\t\t\t\t\t\t\t\t\t\t<img decoding=\"async\" width=\"1080\" height=\"1080\" src=\"https:\/\/joaillerie-crans.ch\/wp-content\/uploads\/2024\/03\/chopard_happyheart.jpg\" class=\"attachment-full size-full wp-post-image\" alt=\"\" \/>\t\t\t\t\t\t\t\t\t\t\t<\/div>\r\n\t\t\t\t\t<div class=\"product-name\">Happy&nbsp;Hearts<\/div>\r\n\t\t\t\t\t<div class=\"product-description\">36mm \/ Mit Perlmuttherz,&nbsp;Diamantherz<\/div>\r\n\t\t\t\t<\/div>\r\n\t\t\t\t\t\t\t<div class=\"product\">\r\n\t\t\t\t\t<div class=\"product-image\">\r\n\t\t\t\t\t\t\t\t\t\t\t\t\t<img decoding=\"async\" width=\"1080\" height=\"1080\" src=\"https:\/\/joaillerie-crans.ch\/wp-content\/uploads\/2024\/03\/chopard_icecube.jpg\" class=\"attachment-full size-full wp-post-image\" alt=\"\" \/>\t\t\t\t\t\t\t\t\t\t\t<\/div>\r\n\t\t\t\t\t<div class=\"product-name\">Ice&nbsp;Cube<\/div>\r\n\t\t\t\t\t<div class=\"product-description\">Weissgold, Ice Cube, Quarz,&nbsp;Diamantl\u00fcnette<\/div>\r\n\t\t\t\t<\/div>\r\n\t\t\t\t\t\t\t<div class=\"product\">\r\n\t\t\t\t\t<div class=\"product-image\">\r\n\t\t\t\t\t\t\t\t\t\t\t\t\t<img decoding=\"async\" width=\"1080\" height=\"1080\" src=\"https:\/\/joaillerie-crans.ch\/wp-content\/uploads\/2024\/03\/chopard_happysport.jpg\" class=\"attachment-full size-full wp-post-image\" alt=\"\" \/>\t\t\t\t\t\t\t\t\t\t\t<\/div>\r\n\t\t\t\t\t<div class=\"product-name\">Happy&nbsp;Sport<\/div>\r\n\t\t\t\t\t<div class=\"product-description\">Automatik in Rotgold, L\u00fcnette und Zifferblatt mit 7 Diamanten&nbsp;besetzt<\/div>\r\n\t\t\t\t<\/div>\r\n\t\t\t\t\t\t\t\t\t<\/div>\r\n<\/section>\n\n<section class=\"big-button\">\r\n\t<div class=\"big-button-wrap\">\r\n\t\t<a class=\"big-button-button\" href=\"https:\/\/joaillerie-crans.ch\/de\/uhren\/uhren-chopard\/uhren-chopard-mehr\/\">\r\n\t\t\tMehr von&nbsp;Chopard\t\t<\/a>\r\n\t<\/div>\r\n<\/section>","protected":false},"excerpt":{"rendered":"","protected":false},"author":1,"featured_media":0,"parent":390,"menu_order":2,"comment_status":"closed","ping_status":"closed","template":"","meta":{"_acf_changed":false,"footnotes":""},"class_list":["post-424","page","type-page","status-publish","hentry"],"acf":[],"_links":{"self":[{"href":"https:\/\/joaillerie-crans.ch\/de\/wp-json\/wp\/v2\/pages\/424","targetHints":{"allow":["GET"]}}],"collection":[{"href":"https:\/\/joaillerie-crans.ch\/de\/wp-json\/wp\/v2\/pages"}],"about":[{"href":"https:\/\/joaillerie-crans.ch\/de\/wp-json\/wp\/v2\/types\/page"}],"author":[{"embeddable":true,"href":"https:\/\/joaillerie-crans.ch\/de\/wp-json\/wp\/v2\/users\/1"}],"replies":[{"embeddable":true,"href":"https:\/\/joaillerie-crans.ch\/de\/wp-json\/wp\/v2\/comments?post=424"}],"version-history":[{"count":2,"href":"https:\/\/joaillerie-crans.ch\/de\/wp-json\/wp\/v2\/pages\/424\/revisions"}],"predecessor-version":[{"id":479,"href":"https:\/\/joaillerie-crans.ch\/de\/wp-json\/wp\/v2\/pages\/424\/revisions\/479"}],"up":[{"embeddable":true,"href":"https:\/\/joaillerie-crans.ch\/de\/wp-json\/wp\/v2\/pages\/390"}],"wp:attachment":[{"href":"https:\/\/joaillerie-crans.ch\/de\/wp-json\/wp\/v2\/media?parent=424"}],"curies":[{"name":"wp","href":"https:\/\/api.w.org\/{rel}","templated":true}]}}