{"id":390,"date":"2024-02-27T20:41:56","date_gmt":"2024-02-27T19:41:56","guid":{"rendered":"https:\/\/joaillerie-crans.ch\/\/?page_id=390"},"modified":"2024-03-02T21:01:10","modified_gmt":"2024-03-02T20:01:10","slug":"uhren","status":"publish","type":"page","link":"https:\/\/joaillerie-crans.ch\/de\/uhren\/","title":{"rendered":"Uhren"},"content":{"rendered":"<section class=\"header-image\">\r\n\t\t\t<div class=\"slider\">\r\n\t\t\t\t\t\t\t<div><img decoding=\"async\" src=\"https:\/\/joaillerie-crans.ch\/wp-content\/uploads\/2024\/03\/chopard_uhren_header_1366x512.jpg\" alt=\"\" \/><\/div>\r\n\t\t\t\t\t\t\t<div><img decoding=\"async\" src=\"https:\/\/joaillerie-crans.ch\/wp-content\/uploads\/2024\/03\/baumemercier_header_1366x512.jpg\" alt=\"\" \/><\/div>\r\n\t\t\t\t\t\t\t<div><img decoding=\"async\" src=\"https:\/\/joaillerie-crans.ch\/wp-content\/uploads\/2024\/03\/breitling_header_1366x512.jpg\" alt=\"\" \/><\/div>\r\n\t\t\t\t\t<\/div>\r\n\t<\/section>\n\n<section class=\"content\">\r\n\t<div class=\"content-centered\">\r\n\t\t<h1>Feinste Schweizer Uhrentradition in Crans<\/h1>\n<p>Die Joaillerie de Crans ist stolzer Partner der grossen Schweizer Marken Baume &amp; Mercier, Breitling und Chopard. Freuen Sie sich auf unsere fachlich kompetente Beratung und hohe\u00a0Verf\u00fcgbarkeit.<\/p>\n\t<\/div>\r\n<\/section>\n\n<section class=\"brand-button\">\r\n\t<div class=\"brand-bg\">\r\n\t\t<div class=\"brand-wrap\">\r\n\t\t\t<a class=\"chopard\" href=\"https:\/\/joaillerie-crans.ch\/\/de\/uhren\/uhren-chopard\/\">\r\n\t\t\t\t<img decoding=\"async\" alt=\"\" src=\"https:\/\/joaillerie-crans.ch\/wp-content\/uploads\/2024\/03\/logo-chopard.svg\" \/>\r\n\t\t\t<\/a>\r\n\t\t<\/div>\r\n\t<\/div>\r\n<\/section>\n\n<section class=\"content\">\r\n\t<div class=\"content-centered\">\r\n\t\t<p>Die eleganten Uhrenkreationen von Chopard gl\u00e4nzen in der Joaillerie de Crans seit 1988.<br \/>\nAu\u00dfergew\u00f6hnliche, von Hand gefertigte Schweizer Uhren. Lernen Sie die exklusive Auswahl Schweizer Luxusuhren f\u00fcr Damen und Herren kennen. Entdecken Sie unsere Schweizer Uhren f\u00fcr Damen und Herren der Kollektionn Alpine Eagle, Happy Sport, Happy Diamonds, L.U.C, L&#8217;Heure du Diamant, Mille Miglia und IMPERIALE.<\/p>\n\t<\/div>\r\n<\/section>\n\n<section class=\"brand-button\">\r\n\t<div class=\"brand-bg\">\r\n\t\t<div class=\"brand-wrap\">\r\n\t\t\t<a class=\"breitling\" href=\"https:\/\/joaillerie-crans.ch\/\/de\/uhren\/uhren-breitling\/\">\r\n\t\t\t\t<img decoding=\"async\" alt=\"\" src=\"https:\/\/joaillerie-crans.ch\/wp-content\/uploads\/2024\/03\/logo-breitling.svg\" \/>\r\n\t\t\t<\/a>\r\n\t\t<\/div>\r\n\t<\/div>\r\n<\/section>\n\n<section class=\"content\">\r\n\t<div class=\"content-centered\">\r\n\t\t<p>Die Joaillerie de Crans bereicherte ihr Portfolio 2020 mit den begehrten Pr\u00e4zisionsuhren von Breitling. Die Breitling Kollektion birgt sicherlich einige der weltweit meistgesch\u00e4tzten Uhren, u. a. die legend\u00e4ren Modelle Chronomat, Navitimer und Superocean. Doch es gibt noch so viel mehr zu erfahren. Lernen Sie unsere gesamte Kollektion kennen und finden Sie heraus, welche Breitling optisch und haptisch perfekt an Ihr Handgelenk passt.<\/p>\n\t<\/div>\r\n<\/section>\n\n<section class=\"brand-button\">\r\n\t<div class=\"brand-bg\">\r\n\t\t<div class=\"brand-wrap\">\r\n\t\t\t<a class=\"baume-mercier\" href=\"https:\/\/joaillerie-crans.ch\/\/de\/uhren\/uhren-baume-mercier\/\">\r\n\t\t\t\t<img decoding=\"async\" alt=\"\" src=\"https:\/\/joaillerie-crans.ch\/wp-content\/uploads\/2024\/03\/logo-baume-mercier.svg\" \/>\r\n\t\t\t<\/a>\r\n\t\t<\/div>\r\n\t<\/div>\r\n<\/section>\n\n<section class=\"content\">\r\n\t<div class=\"content-centered\">\r\n\t\t<p>Seit Gr\u00fcndung der Joaillerie de Crans im Jahre 1962 f\u00fchren wir Uhren von Baume &amp; Mercier.<br \/>\nJede einzelne Baume &amp; Mercier Uhr ist aus der Leidenschaft der Uhrmachermeister und dem Willen, innovative Produkte zu kreieren, entstanden. Dies zeigt sich in tausenden Skizzen, hunderten Stunden der Modellkonstruktion und Jahren der\u00a0Entwicklung.<\/p>\n\t<\/div>\r\n<\/section>","protected":false},"excerpt":{"rendered":"","protected":false},"author":1,"featured_media":0,"parent":0,"menu_order":1,"comment_status":"closed","ping_status":"closed","template":"","meta":{"_acf_changed":false,"footnotes":""},"class_list":["post-390","page","type-page","status-publish","hentry"],"acf":[],"_links":{"self":[{"href":"https:\/\/joaillerie-crans.ch\/de\/wp-json\/wp\/v2\/pages\/390","targetHints":{"allow":["GET"]}}],"collection":[{"href":"https:\/\/joaillerie-crans.ch\/de\/wp-json\/wp\/v2\/pages"}],"about":[{"href":"https:\/\/joaillerie-crans.ch\/de\/wp-json\/wp\/v2\/types\/page"}],"author":[{"embeddable":true,"href":"https:\/\/joaillerie-crans.ch\/de\/wp-json\/wp\/v2\/users\/1"}],"replies":[{"embeddable":true,"href":"https:\/\/joaillerie-crans.ch\/de\/wp-json\/wp\/v2\/comments?post=390"}],"version-history":[{"count":2,"href":"https:\/\/joaillerie-crans.ch\/de\/wp-json\/wp\/v2\/pages\/390\/revisions"}],"predecessor-version":[{"id":444,"href":"https:\/\/joaillerie-crans.ch\/de\/wp-json\/wp\/v2\/pages\/390\/revisions\/444"}],"wp:attachment":[{"href":"https:\/\/joaillerie-crans.ch\/de\/wp-json\/wp\/v2\/media?parent=390"}],"curies":[{"name":"wp","href":"https:\/\/api.w.org\/{rel}","templated":true}]}}