{"id":340,"date":"2024-02-27T18:21:04","date_gmt":"2024-02-27T17:21:04","guid":{"rendered":"https:\/\/joaillerie-crans.ch\/\/?page_id=340"},"modified":"2024-03-02T18:55:09","modified_gmt":"2024-03-02T17:55:09","slug":"rechtliche-hinweise","status":"publish","type":"page","link":"https:\/\/joaillerie-crans.ch\/de\/rechtliche-hinweise\/","title":{"rendered":"Rechtliche Hinweise"},"content":{"rendered":"<section class=\"content\">\r\n\t<div class=\"content-centered\">\r\n\t\t<h1>Rechtliche Hinweise<\/h1>\n<p>Diese Website verwendet Cookies. Cookies sind kleine Textdateien, die beim Besuch der Website vor\u00fcbergehend oder dauerhaft auf Ihrem Computer gespeichert werden. Der Zweck von Cookies besteht insbesondere darin, die Nutzung der Website zu analysieren, statistisch auszuwerten und fortlaufend zu verbessern. Cookies k\u00f6nnen in den Einstellungen Ihres Webbrowsers jederzeit teilweise oder vollst\u00e4ndig deaktiviert werden. Durch die Deaktivierung von Cookies sind einige Funktionen dieser Website m\u00f6glicherweise nicht mehr verf\u00fcgbar.<\/p>\n\t<\/div>\r\n<\/section>","protected":false},"excerpt":{"rendered":"","protected":false},"author":1,"featured_media":0,"parent":0,"menu_order":2,"comment_status":"closed","ping_status":"closed","template":"","meta":{"_acf_changed":false,"footnotes":""},"class_list":["post-340","page","type-page","status-publish","hentry"],"acf":[],"_links":{"self":[{"href":"https:\/\/joaillerie-crans.ch\/de\/wp-json\/wp\/v2\/pages\/340","targetHints":{"allow":["GET"]}}],"collection":[{"href":"https:\/\/joaillerie-crans.ch\/de\/wp-json\/wp\/v2\/pages"}],"about":[{"href":"https:\/\/joaillerie-crans.ch\/de\/wp-json\/wp\/v2\/types\/page"}],"author":[{"embeddable":true,"href":"https:\/\/joaillerie-crans.ch\/de\/wp-json\/wp\/v2\/users\/1"}],"replies":[{"embeddable":true,"href":"https:\/\/joaillerie-crans.ch\/de\/wp-json\/wp\/v2\/comments?post=340"}],"version-history":[{"count":1,"href":"https:\/\/joaillerie-crans.ch\/de\/wp-json\/wp\/v2\/pages\/340\/revisions"}],"predecessor-version":[{"id":341,"href":"https:\/\/joaillerie-crans.ch\/de\/wp-json\/wp\/v2\/pages\/340\/revisions\/341"}],"wp:attachment":[{"href":"https:\/\/joaillerie-crans.ch\/de\/wp-json\/wp\/v2\/media?parent=340"}],"curies":[{"name":"wp","href":"https:\/\/api.w.org\/{rel}","templated":true}]}}